 {"id":12305,"date":"2025-01-07T15:32:23","date_gmt":"2025-01-07T13:32:23","guid":{"rendered":"https:\/\/puistokavelyt.wrkshp.fi\/?page_id=12305"},"modified":"2025-06-24T14:32:19","modified_gmt":"2025-06-24T11:32:19","slug":"cookie-installningar","status":"publish","type":"page","link":"https:\/\/puistokavelyt.wrkshp.fi\/sv\/cookie-installningar\/","title":{"rendered":"Kakinst\u00e4llningar"},"content":{"rendered":"\n<p>Denna webbplats anv\u00e4nder obligatoriska kakor f\u00f6r att s\u00e4kerst\u00e4lla de grundl\u00e4ggande funktionerna och prestandan. Dessutom anv\u00e4nder vi statistikkakor.<\/p>\n\n\n\n<h2 class=\"wp-block-heading\">Information om kakor som anv\u00e4nds p\u00e5 webbplatsen<\/h2>\n\n\n\n<p>Kakorna som anv\u00e4nds p\u00e5 webbplatsen har klassificerats enligt anv\u00e4ndnings\u00e4ndam\u00e5l. Du kan l\u00e4sa om de olika klasserna och acceptera eller f\u00f6rbjuda anv\u00e4ndningen av kakor.<\/p>\n\n\n\n<h3 class=\"wp-block-heading\">N\u00f6dv\u00e4ndiga funktionella kakor<\/h3>\n\n\n\n<p>N\u00f6dv\u00e4ndiga cookies hj\u00e4lper till att g\u00f6ra webbplatsen anv\u00e4ndbar genom att till\u00e5ta grundl\u00e4ggande funktioner som att navigera p\u00e5 sidan och anv\u00e4nda de skyddade omr\u00e5dena p\u00e5 webbplatsen. Webbplatsen fungerar inte korrekt utan dessa cookies och kr\u00e4ver inte samtycke.<\/p>\n\n\n\n<details class=\"wp-block-details is-layout-flow wp-block-details-is-layout-flow\"><summary>Visa kakinst\u00e4llningarna<\/summary>\n<figure class=\"wp-block-table\"><table class=\"has-fixed-layout\"><tbody><tr><td>Namn<\/td><td>Den som lagrat kakan<\/td><td>Anv\u00e4ndning<\/td><td>Giltighetstid<\/td><td>Typ<\/td><\/tr><tr><td>cookie-consent<\/td><td>puistokavelyt.hel.fi<\/td><td>Cookie m\u00f6jligg\u00f6r hantering av cookies p\u00e5 webbplatsen.<\/td><td>100 dagar<\/td><td>Kakan<\/td><\/tr><tr><td>mapbox.eventData.*<\/td><td>puistokavelyt.hel.fi<\/td><td><\/td><td><\/td><td>Local Storage<\/td><\/tr><\/tbody><\/table><\/figure>\n\n\n\n<p><\/p>\n<\/details>\n\n\n\n<p><\/p>\n\n\n\n<h3 class=\"wp-block-heading\">Statistik<\/h3>\n\n\n\n<p>De uppgifter statistikkakorna samlar in anv\u00e4nds f\u00f6r att utveckla webbplatsen.<\/p>\n\n\n\n<details class=\"wp-block-details is-layout-flow wp-block-details-is-layout-flow\"><summary>Visa kakinst\u00e4llningarna<\/summary>\n<figure class=\"wp-block-table\"><table class=\"has-fixed-layout\"><tbody><tr><td>Namn<\/td><td>Den som lagrat kakan<\/td><td>Anv\u00e4ndning<\/td><td>Giltighetstid<\/td><td>Typ<\/td><\/tr><tr><td>_pk_id.*<\/td><td>puistokavelyt.hel.fi<\/td><td>Matomo-statistiksystemets kaka samlar information om hur webbplatsen anv\u00e4nds.<\/td><td>393 dagar<\/td><td>Kakan<\/td><\/tr><tr><td>_pk_ses.747.5bf6<\/td><td>puistokavelyt.hel.fi<\/td><td>Kakan f\u00f6r Matomo-bes\u00f6karuppf\u00f6ljningen kopplar ihop aktiviteter som skett under en session (t.ex. sidvisningar, nedladdningar och aktiviteter) med ett enskilt bes\u00f6k.<\/td><td>1 timme<\/td><td>Kakan<\/td><\/tr><\/tbody><\/table><\/figure>\n\n\n\n<p><\/p>\n<\/details>\n","protected":false},"excerpt":{"rendered":"<p>Denna webbplats anv\u00e4nder obligatoriska kakor f\u00f6r att s\u00e4kerst\u00e4lla de grundl\u00e4ggande funktionerna och prestandan. Dessutom anv\u00e4nder [&hellip;]<\/p>\n","protected":false},"author":1,"featured_media":0,"parent":0,"menu_order":0,"comment_status":"closed","ping_status":"closed","template":"","meta":{"_acf_changed":false,"footnotes":""},"class_list":["post-12305","page","type-page","status-publish","hentry"],"acf":[],"_links":{"self":[{"href":"https:\/\/puistokavelyt.wrkshp.fi\/sv\/wp-json\/wp\/v2\/pages\/12305","targetHints":{"allow":["GET"]}}],"collection":[{"href":"https:\/\/puistokavelyt.wrkshp.fi\/sv\/wp-json\/wp\/v2\/pages"}],"about":[{"href":"https:\/\/puistokavelyt.wrkshp.fi\/sv\/wp-json\/wp\/v2\/types\/page"}],"author":[{"embeddable":true,"href":"https:\/\/puistokavelyt.wrkshp.fi\/sv\/wp-json\/wp\/v2\/users\/1"}],"replies":[{"embeddable":true,"href":"https:\/\/puistokavelyt.wrkshp.fi\/sv\/wp-json\/wp\/v2\/comments?post=12305"}],"version-history":[{"count":10,"href":"https:\/\/puistokavelyt.wrkshp.fi\/sv\/wp-json\/wp\/v2\/pages\/12305\/revisions"}],"predecessor-version":[{"id":12794,"href":"https:\/\/puistokavelyt.wrkshp.fi\/sv\/wp-json\/wp\/v2\/pages\/12305\/revisions\/12794"}],"wp:attachment":[{"href":"https:\/\/puistokavelyt.wrkshp.fi\/sv\/wp-json\/wp\/v2\/media?parent=12305"}],"curies":[{"name":"wp","href":"https:\/\/api.w.org\/{rel}","templated":true}]}}